{"id":1802,"date":"2024-09-22T11:31:11","date_gmt":"2024-09-22T09:31:11","guid":{"rendered":"https:\/\/emiliedurand.fr\/?page_id=1802"},"modified":"2025-04-14T11:21:29","modified_gmt":"2025-04-14T09:21:29","slug":"vivre-avec-un-chien-craintif","status":"publish","type":"page","link":"https:\/\/emiliedurand.fr\/index.php\/vivre-avec-un-chien-craintif\/","title":{"rendered":"Vivre avec un chien craintif"},"content":{"rendered":"\n<hr class=\"wp-block-separator has-text-color has-alpha-channel-opacity has-background\" style=\"background-color:#e7b10a;color:#e7b10a\"\/>\n\n\n\n<div style=\"height:30px\" aria-hidden=\"true\" class=\"wp-block-spacer\"><\/div>\n\n\n\n<p class=\"has-medium-font-size\"><br>Partager sa vie avec un chien craintif est parfois v\u00e9cu comme une source de stress importante pour les adoptants. Nous avons parfois l&rsquo;impression qu&rsquo;en laissant plus de temps les choses vont s&rsquo;arranger, c&rsquo;est vrai pour certains mais pour d&rsquo;autres le temps n&rsquo;est pas suffisant et il est n\u00e9cessaire d&rsquo;\u00eatre accompagn\u00e9 de mani\u00e8re individuelle. <br> <br>J&rsquo;ai choisi de focaliser la majorit\u00e9 de mon travail de recherche et de formation en lien avec la peur, notamment peur de l&rsquo;humain, chez le chien.<br>J&rsquo;accompagne tout type de chiens mais mon exp\u00e9rience personnelle m&rsquo;a fait spontan\u00e9ment me tourner plus sp\u00e9cifiquement vers l&rsquo;accompagnement des chiens venant de l&rsquo;\u00e9tranger (Roumanie, Maroc, Tunisie, Espagne etc..). <br><br>La sp\u00e9cificit\u00e9 des chiens venant de l&rsquo;\u00e9tranger est souvent li\u00e9e au contexte dans lequel ils ont grandi et v\u00e9cu : une connaissance de ces contextes est n\u00e9cessaire pour pouvoir vous accompagner de la mani\u00e8re la plus pr\u00e9cise et \u00e9thique possible. <br><br>Les peurs peuvent se r\u00e9v\u00e9ler invalidantes au quotidien et elles prennent souvent diff\u00e9rentes formes : <br><br>\u27a1\ufe0f<strong>Peur environnementale et non sociale <\/strong>: peur des nouveaux objets, peur de la voiture, peur des nouveaux lieux de promenade, peur des objets mouvants (voiture, v\u00e9lo, trottinette, bus etc.), peur des bruits.<br>\u27a1\ufe0f <strong>Peur sociale<\/strong> : peur des cong\u00e9n\u00e8res, peur des autres animaux pr\u00e9sents dans le foyer, peur de l&rsquo;humain connu et inconnu.<br><br>Les comportements de peur peuvent se manifester d&rsquo;une multitude de fa\u00e7on chez le chien : fuite active, volont\u00e9 d&rsquo;agresser associ\u00e9e \u00e0 des comportements de mise \u00e0 distance (grogner, charger, mordre etc.), se figer, apparition de comportements hyper moteurs (s&rsquo;agiter dans tout les sens, sauter etc.).<br><br>D&rsquo;autres difficult\u00e9s associ\u00e9es \u00e0 la peur peuvent apparaitre : <br><br>\u27a1\ufe0f <strong>Anxi\u00e9t\u00e9 ou troubles associ\u00e9s : <\/strong>difficult\u00e9 \u00e0 se reposer, hypervigilance, st\u00e9r\u00e9otypies, protection de ressources, apathie, destruction, malpropret\u00e9, automutilation. <br>\u27a1\ufe0f <strong>Cohabitation en foyer multi-chiens difficile<\/strong> <br>\u27a1\ufe0f <strong>Difficult\u00e9s d&rsquo;adaptation<\/strong> : pour les chiens venant d&rsquo;\u00eatre adopt\u00e9s ou les chiots qui semblent avoir du mal \u00e0 se faire \u00e0 la vie de famille.<br><br>Je vous aide \u00e0 identifier les causes des difficult\u00e9s de votre animal ( d\u00e9faut de socialisation ,traumatisme, nouvelle adoption etc.), \u00e0 mieux comprendre ce qu&rsquo;il se joue pour lui et vous propose un plan d&rsquo;action individualis\u00e9 en vue de l&rsquo;am\u00e9lioration de la situation.<\/p>\n\n\n\n<p class=\"has-medium-font-size\">La plupart de ces probl\u00e9matiques impactent le bien-\u00eatre de votre animal ainsi que le v\u00f4tre. <br>Au plus t\u00f4t le probl\u00e8me est pris en charge au plus nous pouvons esp\u00e9rer une \u00e9volution favorable. <br>Votre animal n&rsquo;a, cependant, pas besoin d&rsquo;\u00eatre un chiot ou un jeune chien pour b\u00e9n\u00e9ficier d&rsquo;un suivi comportemental.<br><br><strong>Je ne propose pas de cours de dressage ou d&rsquo;\u00e9ducation en collectif. <\/strong><br>J&rsquo;ai fais le choix de concentrer mes recherches et formations sur les difficult\u00e9s comportementales du chien, de ce fait si votre animal ne pr\u00e9sente pas de difficult\u00e9 comportementale (peur, anxi\u00e9t\u00e9, destruction, st\u00e9r\u00e9otypies, phobies etc..) je vous redirigerai vers un ou une coll\u00e8gue ayant fait le choix de sp\u00e9cifiquement accompagner l&rsquo;\u00e9ducation du chien hors trouble du comportement. <br>Cela ne signifie pas que je ne peux pas vous guider dans les apprentissages de base mais je le fais uniquement si cela a <strong>un int\u00e9r\u00eat dans le cadre d&rsquo;un suivi comportemental global de votre animal.<\/strong><\/p>\n\n\n\n<p class=\"has-medium-font-size\"><strong>Le temps n\u00e9cessaire \u00e0 <a href=\"https:\/\/emiliedurand.fr\/index.php\/etape-1-bilan-comportemental\/\">la th\u00e9rapie comportementale<\/a> d\u00e9pend de votre animal, de vous mais \u00e9galement de l&rsquo;environnement dans lequel il \u00e9volue. <\/strong><br>Je met \u00e0 disposition les connaissances et les m\u00e9thodes les plus actualis\u00e9es possible pour s&rsquo;assurer que les progr\u00e8s soient stables et durables dans le temps. <br><br>Par ailleurs, je peux \u00e9galement <strong>travailler en collaboration \u00e9troite avec votre v\u00e9t\u00e9rinaire g\u00e9n\u00e9raliste et\/ou v\u00e9t\u00e9rinaire comportementaliste<\/strong> pour optimiser l&rsquo;accompagnement.<br>Cela passe par des \u00e9changes t\u00e9l\u00e9phoniques, l&rsquo;envoi de compte rendu \u00e9crit mais aussi une r\u00e9flexion commune au service du mieux \u00eatre de votre animal.<br><br>Vivre avec un chien craintif n&rsquo;est pas une fatalit\u00e9, n&rsquo;h\u00e9sitez pas \u00e0 <a href=\"https:\/\/emiliedurand.fr\/index.php\/contact\/\" target=\"_blank\" rel=\"noreferrer noopener\">me contacter<\/a> afin de mieux le comprendre et l&rsquo;aider \u00e0 am\u00e9liorer sa qualit\u00e9 de vie. <br><\/p>\n\n\n\n<div style=\"height:30px\" aria-hidden=\"true\" class=\"wp-block-spacer\"><\/div>\n\n\n\n<div class=\"wp-block-media-text is-stacked-on-mobile\" style=\"grid-template-columns:38% auto\"><figure class=\"wp-block-media-text__media\"><a href=\"https:\/\/emiliedurand.fr\/index.php\/etape-1-bilan-comportemental\/\"><img loading=\"lazy\" decoding=\"async\" width=\"340\" height=\"340\" src=\"https:\/\/emiliedurand.fr\/wp-content\/uploads\/2025\/03\/chien-craintif-1.png\" alt=\"\" class=\"wp-image-1953 size-full\" srcset=\"https:\/\/emiliedurand.fr\/wp-content\/uploads\/2025\/03\/chien-craintif-1.png 340w, https:\/\/emiliedurand.fr\/wp-content\/uploads\/2025\/03\/chien-craintif-1-300x300.png 300w, https:\/\/emiliedurand.fr\/wp-content\/uploads\/2025\/03\/chien-craintif-1-150x150.png 150w, https:\/\/emiliedurand.fr\/wp-content\/uploads\/2025\/03\/chien-craintif-1-75x75.png 75w\" sizes=\"auto, (max-width: 340px) 100vw, 340px\" \/><\/a><\/figure><div class=\"wp-block-media-text__content\">\n<h2 class=\"wp-block-heading has-text-align-left has-text-color has-link-color has-medium-font-size wp-elements-c639a63ee55cf07bd478732a9be5c352\" style=\"color:#42634a\"><a href=\"https:\/\/emiliedurand.fr\/index.php\/etape-1-bilan-comportemental\/\">Le bilan comportemental &amp; le suivi<\/a><\/h2>\n\n\n\n<div class=\"wp-block-buttons has-custom-font-size has-small-font-size is-content-justification-right is-layout-flex wp-container-core-buttons-is-layout-765c4724 wp-block-buttons-is-layout-flex\">\n<div class=\"wp-block-button is-style-fill\"><a class=\"wp-block-button__link has-black-color has-white-background-color has-text-color has-background has-link-color wp-element-button\" href=\"https:\/\/emiliedurand.fr\/index.php\/etape-1-bilan-comportemental\/\">Lire la suite&#8230;<\/a><\/div>\n<\/div>\n<\/div><\/div>\n\n\n\n<hr class=\"wp-block-separator has-text-color has-alpha-channel-opacity has-background\" style=\"background-color:#e7b10a;color:#e7b10a\"\/>\n\n\n\n<div style=\"height:30px\" aria-hidden=\"true\" class=\"wp-block-spacer\"><\/div>\n\n\n\n<div class=\"wp-block-media-text is-stacked-on-mobile\" style=\"grid-template-columns:21% auto\"><figure class=\"wp-block-media-text__media\"><a href=\"https:\/\/emiliedurand.fr\/index.php\/contact\/\"><img loading=\"lazy\" decoding=\"async\" width=\"1024\" height=\"1024\" src=\"https:\/\/emiliedurand.fr\/wp-content\/uploads\/2024\/09\/instagrid_logo_ED2_-1024x1024.png\" alt=\"\" class=\"wp-image-1649 size-full\" srcset=\"https:\/\/emiliedurand.fr\/wp-content\/uploads\/2024\/09\/instagrid_logo_ED2_-1024x1024.png 1024w, https:\/\/emiliedurand.fr\/wp-content\/uploads\/2024\/09\/instagrid_logo_ED2_-300x300.png 300w, https:\/\/emiliedurand.fr\/wp-content\/uploads\/2024\/09\/instagrid_logo_ED2_-150x150.png 150w, https:\/\/emiliedurand.fr\/wp-content\/uploads\/2024\/09\/instagrid_logo_ED2_-768x768.png 768w, https:\/\/emiliedurand.fr\/wp-content\/uploads\/2024\/09\/instagrid_logo_ED2_-75x75.png 75w, https:\/\/emiliedurand.fr\/wp-content\/uploads\/2024\/09\/instagrid_logo_ED2_.png 1080w\" sizes=\"auto, (max-width: 1024px) 100vw, 1024px\" \/><\/a><\/figure><div class=\"wp-block-media-text__content\">\n<h2 class=\"wp-block-heading has-text-align-left has-text-color has-link-color has-medium-font-size wp-elements-13e94b0d2e9da976f9250eb99a7f29f8\" style=\"color:#42634a\"><em><a href=\"https:\/\/emiliedurand.fr\/index.php\/contact\/\">Vivre avec un chien pr\u00e9sentant des difficult\u00e9s comportementales n&rsquo;est pas une fatalit\u00e9 &#8230; faites vous accompagner ! <\/a><\/em><\/h2>\n\n\n\n<div class=\"wp-block-buttons is-content-justification-right is-layout-flex wp-container-core-buttons-is-layout-765c4724 wp-block-buttons-is-layout-flex\">\n<div class=\"wp-block-button is-style-fill\"><a class=\"wp-block-button__link has-background wp-element-button\" href=\"https:\/\/emiliedurand.fr\/index.php\/contact\/\" style=\"background-color:#42634a\">Contactez-moi<\/a><\/div>\n<\/div>\n<\/div><\/div>\n\n\n\n<p><\/p>\n","protected":false},"excerpt":{"rendered":"<p>Partager sa vie avec un chien craintif est parfois v\u00e9cu comme une source de stress importante pour les adoptants. Nous avons parfois l&rsquo;impression qu&rsquo;en laissant plus de temps les choses vont s&rsquo;arranger, c&rsquo;est vrai pour certains mais pour d&rsquo;autres le temps n&rsquo;est pas suffisant et il est n\u00e9cessaire d&rsquo;\u00eatre accompagn\u00e9 de mani\u00e8re individuelle. J&rsquo;ai choisi de focaliser la majorit\u00e9 de mon travail de recherche et de formation en lien avec la peur, notamment peur de l&rsquo;humain, chez le chien.J&rsquo;accompagne tout type de chiens mais mon exp\u00e9rience personnelle m&rsquo;a fait spontan\u00e9ment me tourner plus sp\u00e9cifiquement vers l&rsquo;accompagnement des chiens venant de l&rsquo;\u00e9tranger (Roumanie, Maroc, Tunisie, Espagne etc..). La sp\u00e9cificit\u00e9 des chiens venant de l&rsquo;\u00e9tranger est souvent li\u00e9e au contexte dans lequel ils ont grandi et v\u00e9cu : une connaissance de ces contextes est n\u00e9cessaire pour pouvoir vous accompagner de la mani\u00e8re la plus pr\u00e9cise et \u00e9thique possible. Les peurs peuvent se r\u00e9v\u00e9ler invalidantes au quotidien et elles prennent souvent diff\u00e9rentes formes : \u27a1\ufe0fPeur environnementale et non sociale : peur des nouveaux objets, peur de la voiture, peur des nouveaux lieux de promenade, peur des objets mouvants (voiture, v\u00e9lo, trottinette, bus etc.), peur des bruits.\u27a1\ufe0f Peur sociale : peur des cong\u00e9n\u00e8res, peur des autres animaux pr\u00e9sents dans le foyer, peur de l&rsquo;humain connu et inconnu. Les comportements de peur peuvent se manifester d&rsquo;une multitude de fa\u00e7on chez le chien : fuite active, volont\u00e9 d&rsquo;agresser associ\u00e9e \u00e0 des comportements de mise \u00e0 distance (grogner, charger, mordre etc.), se figer, apparition de comportements hyper moteurs (s&rsquo;agiter dans tout les sens, sauter etc.). D&rsquo;autres difficult\u00e9s associ\u00e9es \u00e0 la peur peuvent apparaitre : \u27a1\ufe0f Anxi\u00e9t\u00e9 ou troubles associ\u00e9s : difficult\u00e9 \u00e0 se reposer, hypervigilance, st\u00e9r\u00e9otypies, protection de ressources, apathie, destruction, malpropret\u00e9, automutilation. \u27a1\ufe0f Cohabitation en foyer multi-chiens difficile \u27a1\ufe0f Difficult\u00e9s d&rsquo;adaptation : pour les chiens venant d&rsquo;\u00eatre adopt\u00e9s ou les chiots qui semblent avoir du mal \u00e0 se faire \u00e0 la vie de famille. Je vous aide \u00e0 identifier les causes des difficult\u00e9s de votre animal ( d\u00e9faut de socialisation ,traumatisme, nouvelle adoption etc.), \u00e0 mieux comprendre ce qu&rsquo;il se joue pour lui et vous propose un plan d&rsquo;action individualis\u00e9 en vue de l&rsquo;am\u00e9lioration de la situation. La plupart de ces probl\u00e9matiques impactent le bien-\u00eatre de votre animal ainsi que le v\u00f4tre. Au plus t\u00f4t le probl\u00e8me est pris en charge au plus nous pouvons esp\u00e9rer une \u00e9volution favorable. Votre animal n&rsquo;a, cependant, pas besoin d&rsquo;\u00eatre un chiot ou un jeune chien pour b\u00e9n\u00e9ficier d&rsquo;un suivi comportemental. Je ne propose pas de cours de dressage ou d&rsquo;\u00e9ducation en collectif. J&rsquo;ai fais le choix de concentrer mes recherches et formations sur les difficult\u00e9s comportementales du chien, de ce fait si votre animal ne pr\u00e9sente pas de difficult\u00e9 comportementale (peur, anxi\u00e9t\u00e9, destruction, st\u00e9r\u00e9otypies, phobies etc..) je vous redirigerai vers un ou une coll\u00e8gue ayant fait le choix de sp\u00e9cifiquement accompagner l&rsquo;\u00e9ducation du chien hors trouble du comportement. Cela ne signifie pas que je ne peux pas vous guider dans les apprentissages de base mais je le fais uniquement si cela a un int\u00e9r\u00eat dans le cadre d&rsquo;un suivi comportemental global de votre animal. Le temps n\u00e9cessaire \u00e0 la th\u00e9rapie comportementale d\u00e9pend de votre animal, de vous mais \u00e9galement de l&rsquo;environnement dans lequel il \u00e9volue. Je met \u00e0 disposition les connaissances et les m\u00e9thodes les plus actualis\u00e9es possible pour s&rsquo;assurer que les progr\u00e8s soient stables et durables dans le temps. Par ailleurs, je peux \u00e9galement travailler en collaboration \u00e9troite avec votre v\u00e9t\u00e9rinaire g\u00e9n\u00e9raliste et\/ou v\u00e9t\u00e9rinaire comportementaliste pour optimiser l&rsquo;accompagnement.Cela passe par des \u00e9changes t\u00e9l\u00e9phoniques, l&rsquo;envoi de compte rendu \u00e9crit mais aussi une r\u00e9flexion commune au service du mieux \u00eatre de votre animal. Vivre avec un chien craintif n&rsquo;est pas une fatalit\u00e9, n&rsquo;h\u00e9sitez pas \u00e0 me contacter afin de mieux le comprendre et l&rsquo;aider \u00e0 am\u00e9liorer sa qualit\u00e9 de vie.<\/p>\n","protected":false},"author":1,"featured_media":0,"parent":0,"menu_order":0,"comment_status":"closed","ping_status":"closed","template":"","meta":{"footnotes":""},"class_list":["post-1802","page","type-page","status-publish","hentry"],"yoast_head":"<!-- This site is optimized with the Yoast SEO plugin v26.2 - https:\/\/yoast.com\/wordpress\/plugins\/seo\/ -->\n<title>Vivre avec un chien craintif - Chiens de l&#039;\u00e9tranger &amp; adoption - \u00c9milie Durand - \u00c9ducation &amp; comportement canin<\/title>\n<meta name=\"description\" content=\"Vous venez d&#039;adopter un chien de l&#039;\u00e9tranger ( Roumanie, Tunisie, Espagne etc..) qui pr\u00e9sente des peurs ou des difficult\u00e9s d&#039;adaptation ?\" \/>\n<meta name=\"robots\" content=\"index, follow, max-snippet:-1, max-image-preview:large, max-video-preview:-1\" \/>\n<link rel=\"canonical\" href=\"https:\/\/emiliedurand.fr\/index.php\/vivre-avec-un-chien-craintif\/\" \/>\n<meta property=\"og:locale\" content=\"fr_FR\" \/>\n<meta property=\"og:type\" content=\"article\" \/>\n<meta property=\"og:title\" content=\"Vivre avec un chien craintif - Chiens de l&#039;\u00e9tranger &amp; adoption - \u00c9milie Durand - \u00c9ducation &amp; comportement canin\" \/>\n<meta property=\"og:description\" content=\"Vous venez d&#039;adopter un chien de l&#039;\u00e9tranger ( Roumanie, Tunisie, Espagne etc..) qui pr\u00e9sente des peurs ou des difficult\u00e9s d&#039;adaptation ?\" \/>\n<meta property=\"og:url\" content=\"https:\/\/emiliedurand.fr\/index.php\/vivre-avec-un-chien-craintif\/\" \/>\n<meta property=\"og:site_name\" content=\"\u00c9milie Durand - \u00c9ducation &amp; comportement canin\" \/>\n<meta property=\"article:publisher\" content=\"https:\/\/www.facebook.com\/people\/milie-Durand-ducation-comportement-canin\/100095410578884\/\" \/>\n<meta property=\"article:modified_time\" content=\"2025-04-14T09:21:29+00:00\" \/>\n<meta property=\"og:image\" content=\"https:\/\/emiliedurand.fr\/wp-content\/uploads\/2025\/03\/chien-craintif-1.png\" \/>\n<meta name=\"twitter:card\" content=\"summary_large_image\" \/>\n<meta name=\"twitter:label1\" content=\"Dur\u00e9e de lecture estim\u00e9e\" \/>\n\t<meta name=\"twitter:data1\" content=\"4 minutes\" \/>\n<script type=\"application\/ld+json\" class=\"yoast-schema-graph\">{\"@context\":\"https:\/\/schema.org\",\"@graph\":[{\"@type\":\"WebPage\",\"@id\":\"https:\/\/emiliedurand.fr\/index.php\/vivre-avec-un-chien-craintif\/\",\"url\":\"https:\/\/emiliedurand.fr\/index.php\/vivre-avec-un-chien-craintif\/\",\"name\":\"Vivre avec un chien craintif - Chiens de l'\u00e9tranger & adoption - \u00c9milie Durand - \u00c9ducation &amp; comportement canin\",\"isPartOf\":{\"@id\":\"https:\/\/emiliedurand.fr\/#website\"},\"primaryImageOfPage\":{\"@id\":\"https:\/\/emiliedurand.fr\/index.php\/vivre-avec-un-chien-craintif\/#primaryimage\"},\"image\":{\"@id\":\"https:\/\/emiliedurand.fr\/index.php\/vivre-avec-un-chien-craintif\/#primaryimage\"},\"thumbnailUrl\":\"https:\/\/emiliedurand.fr\/wp-content\/uploads\/2025\/03\/chien-craintif-1.png\",\"datePublished\":\"2024-09-22T09:31:11+00:00\",\"dateModified\":\"2025-04-14T09:21:29+00:00\",\"description\":\"Vous venez d'adopter un chien de l'\u00e9tranger ( Roumanie, Tunisie, Espagne etc..) qui pr\u00e9sente des peurs ou des difficult\u00e9s d'adaptation ?\",\"breadcrumb\":{\"@id\":\"https:\/\/emiliedurand.fr\/index.php\/vivre-avec-un-chien-craintif\/#breadcrumb\"},\"inLanguage\":\"fr-FR\",\"potentialAction\":[{\"@type\":\"ReadAction\",\"target\":[\"https:\/\/emiliedurand.fr\/index.php\/vivre-avec-un-chien-craintif\/\"]}]},{\"@type\":\"ImageObject\",\"inLanguage\":\"fr-FR\",\"@id\":\"https:\/\/emiliedurand.fr\/index.php\/vivre-avec-un-chien-craintif\/#primaryimage\",\"url\":\"https:\/\/emiliedurand.fr\/wp-content\/uploads\/2025\/03\/chien-craintif-1.png\",\"contentUrl\":\"https:\/\/emiliedurand.fr\/wp-content\/uploads\/2025\/03\/chien-craintif-1.png\",\"width\":340,\"height\":340},{\"@type\":\"BreadcrumbList\",\"@id\":\"https:\/\/emiliedurand.fr\/index.php\/vivre-avec-un-chien-craintif\/#breadcrumb\",\"itemListElement\":[{\"@type\":\"ListItem\",\"position\":1,\"name\":\"Accueil\",\"item\":\"https:\/\/emiliedurand.fr\/\"},{\"@type\":\"ListItem\",\"position\":2,\"name\":\"Vivre avec un chien craintif\"}]},{\"@type\":\"WebSite\",\"@id\":\"https:\/\/emiliedurand.fr\/#website\",\"url\":\"https:\/\/emiliedurand.fr\/\",\"name\":\"\u00c9milie Durand - \u00c9ducation & comportement canin\",\"description\":\"Un accompagnement bienveillant pour l&#039;humain &amp; le chien\",\"publisher\":{\"@id\":\"https:\/\/emiliedurand.fr\/#organization\"},\"potentialAction\":[{\"@type\":\"SearchAction\",\"target\":{\"@type\":\"EntryPoint\",\"urlTemplate\":\"https:\/\/emiliedurand.fr\/?s={search_term_string}\"},\"query-input\":{\"@type\":\"PropertyValueSpecification\",\"valueRequired\":true,\"valueName\":\"search_term_string\"}}],\"inLanguage\":\"fr-FR\"},{\"@type\":\"Organization\",\"@id\":\"https:\/\/emiliedurand.fr\/#organization\",\"name\":\"\u00c9milie Durand - \u00c9ducation & comportement canin\",\"url\":\"https:\/\/emiliedurand.fr\/\",\"logo\":{\"@type\":\"ImageObject\",\"inLanguage\":\"fr-FR\",\"@id\":\"https:\/\/emiliedurand.fr\/#\/schema\/logo\/image\/\",\"url\":\"https:\/\/emiliedurand.fr\/wp-content\/uploads\/2023\/08\/cropped-facebook_OP_logo_ED_1-6.png\",\"contentUrl\":\"https:\/\/emiliedurand.fr\/wp-content\/uploads\/2023\/08\/cropped-facebook_OP_logo_ED_1-6.png\",\"width\":1146,\"height\":964,\"caption\":\"\u00c9milie Durand - \u00c9ducation & comportement canin\"},\"image\":{\"@id\":\"https:\/\/emiliedurand.fr\/#\/schema\/logo\/image\/\"},\"sameAs\":[\"https:\/\/www.facebook.com\/people\/milie-Durand-ducation-comportement-canin\/100095410578884\/\",\"https:\/\/www.instagram.com\/emilie_durnd\/\"]}]}<\/script>\n<!-- \/ Yoast SEO plugin. -->","yoast_head_json":{"title":"Vivre avec un chien craintif - Chiens de l'\u00e9tranger & adoption - \u00c9milie Durand - \u00c9ducation &amp; comportement canin","description":"Vous venez d'adopter un chien de l'\u00e9tranger ( Roumanie, Tunisie, Espagne etc..) qui pr\u00e9sente des peurs ou des difficult\u00e9s d'adaptation ?","robots":{"index":"index","follow":"follow","max-snippet":"max-snippet:-1","max-image-preview":"max-image-preview:large","max-video-preview":"max-video-preview:-1"},"canonical":"https:\/\/emiliedurand.fr\/index.php\/vivre-avec-un-chien-craintif\/","og_locale":"fr_FR","og_type":"article","og_title":"Vivre avec un chien craintif - Chiens de l'\u00e9tranger & adoption - \u00c9milie Durand - \u00c9ducation &amp; comportement canin","og_description":"Vous venez d'adopter un chien de l'\u00e9tranger ( Roumanie, Tunisie, Espagne etc..) qui pr\u00e9sente des peurs ou des difficult\u00e9s d'adaptation ?","og_url":"https:\/\/emiliedurand.fr\/index.php\/vivre-avec-un-chien-craintif\/","og_site_name":"\u00c9milie Durand - \u00c9ducation &amp; comportement canin","article_publisher":"https:\/\/www.facebook.com\/people\/milie-Durand-ducation-comportement-canin\/100095410578884\/","article_modified_time":"2025-04-14T09:21:29+00:00","og_image":[{"url":"https:\/\/emiliedurand.fr\/wp-content\/uploads\/2025\/03\/chien-craintif-1.png","type":"","width":"","height":""}],"twitter_card":"summary_large_image","twitter_misc":{"Dur\u00e9e de lecture estim\u00e9e":"4 minutes"},"schema":{"@context":"https:\/\/schema.org","@graph":[{"@type":"WebPage","@id":"https:\/\/emiliedurand.fr\/index.php\/vivre-avec-un-chien-craintif\/","url":"https:\/\/emiliedurand.fr\/index.php\/vivre-avec-un-chien-craintif\/","name":"Vivre avec un chien craintif - Chiens de l'\u00e9tranger & adoption - \u00c9milie Durand - \u00c9ducation &amp; comportement canin","isPartOf":{"@id":"https:\/\/emiliedurand.fr\/#website"},"primaryImageOfPage":{"@id":"https:\/\/emiliedurand.fr\/index.php\/vivre-avec-un-chien-craintif\/#primaryimage"},"image":{"@id":"https:\/\/emiliedurand.fr\/index.php\/vivre-avec-un-chien-craintif\/#primaryimage"},"thumbnailUrl":"https:\/\/emiliedurand.fr\/wp-content\/uploads\/2025\/03\/chien-craintif-1.png","datePublished":"2024-09-22T09:31:11+00:00","dateModified":"2025-04-14T09:21:29+00:00","description":"Vous venez d'adopter un chien de l'\u00e9tranger ( Roumanie, Tunisie, Espagne etc..) qui pr\u00e9sente des peurs ou des difficult\u00e9s d'adaptation ?","breadcrumb":{"@id":"https:\/\/emiliedurand.fr\/index.php\/vivre-avec-un-chien-craintif\/#breadcrumb"},"inLanguage":"fr-FR","potentialAction":[{"@type":"ReadAction","target":["https:\/\/emiliedurand.fr\/index.php\/vivre-avec-un-chien-craintif\/"]}]},{"@type":"ImageObject","inLanguage":"fr-FR","@id":"https:\/\/emiliedurand.fr\/index.php\/vivre-avec-un-chien-craintif\/#primaryimage","url":"https:\/\/emiliedurand.fr\/wp-content\/uploads\/2025\/03\/chien-craintif-1.png","contentUrl":"https:\/\/emiliedurand.fr\/wp-content\/uploads\/2025\/03\/chien-craintif-1.png","width":340,"height":340},{"@type":"BreadcrumbList","@id":"https:\/\/emiliedurand.fr\/index.php\/vivre-avec-un-chien-craintif\/#breadcrumb","itemListElement":[{"@type":"ListItem","position":1,"name":"Accueil","item":"https:\/\/emiliedurand.fr\/"},{"@type":"ListItem","position":2,"name":"Vivre avec un chien craintif"}]},{"@type":"WebSite","@id":"https:\/\/emiliedurand.fr\/#website","url":"https:\/\/emiliedurand.fr\/","name":"\u00c9milie Durand - \u00c9ducation & comportement canin","description":"Un accompagnement bienveillant pour l&#039;humain &amp; le chien","publisher":{"@id":"https:\/\/emiliedurand.fr\/#organization"},"potentialAction":[{"@type":"SearchAction","target":{"@type":"EntryPoint","urlTemplate":"https:\/\/emiliedurand.fr\/?s={search_term_string}"},"query-input":{"@type":"PropertyValueSpecification","valueRequired":true,"valueName":"search_term_string"}}],"inLanguage":"fr-FR"},{"@type":"Organization","@id":"https:\/\/emiliedurand.fr\/#organization","name":"\u00c9milie Durand - \u00c9ducation & comportement canin","url":"https:\/\/emiliedurand.fr\/","logo":{"@type":"ImageObject","inLanguage":"fr-FR","@id":"https:\/\/emiliedurand.fr\/#\/schema\/logo\/image\/","url":"https:\/\/emiliedurand.fr\/wp-content\/uploads\/2023\/08\/cropped-facebook_OP_logo_ED_1-6.png","contentUrl":"https:\/\/emiliedurand.fr\/wp-content\/uploads\/2023\/08\/cropped-facebook_OP_logo_ED_1-6.png","width":1146,"height":964,"caption":"\u00c9milie Durand - \u00c9ducation & comportement canin"},"image":{"@id":"https:\/\/emiliedurand.fr\/#\/schema\/logo\/image\/"},"sameAs":["https:\/\/www.facebook.com\/people\/milie-Durand-ducation-comportement-canin\/100095410578884\/","https:\/\/www.instagram.com\/emilie_durnd\/"]}]}},"_links":{"self":[{"href":"https:\/\/emiliedurand.fr\/index.php\/wp-json\/wp\/v2\/pages\/1802","targetHints":{"allow":["GET"]}}],"collection":[{"href":"https:\/\/emiliedurand.fr\/index.php\/wp-json\/wp\/v2\/pages"}],"about":[{"href":"https:\/\/emiliedurand.fr\/index.php\/wp-json\/wp\/v2\/types\/page"}],"author":[{"embeddable":true,"href":"https:\/\/emiliedurand.fr\/index.php\/wp-json\/wp\/v2\/users\/1"}],"replies":[{"embeddable":true,"href":"https:\/\/emiliedurand.fr\/index.php\/wp-json\/wp\/v2\/comments?post=1802"}],"version-history":[{"count":29,"href":"https:\/\/emiliedurand.fr\/index.php\/wp-json\/wp\/v2\/pages\/1802\/revisions"}],"predecessor-version":[{"id":1974,"href":"https:\/\/emiliedurand.fr\/index.php\/wp-json\/wp\/v2\/pages\/1802\/revisions\/1974"}],"wp:attachment":[{"href":"https:\/\/emiliedurand.fr\/index.php\/wp-json\/wp\/v2\/media?parent=1802"}],"curies":[{"name":"wp","href":"https:\/\/api.w.org\/{rel}","templated":true}]}}