{"id":77,"date":"2023-08-22T14:35:55","date_gmt":"2023-08-22T12:35:55","guid":{"rendered":"http:\/\/emiliedurand.fr\/?page_id=77"},"modified":"2025-09-26T10:15:43","modified_gmt":"2025-09-26T08:15:43","slug":"mes-formations","status":"publish","type":"page","link":"https:\/\/emiliedurand.fr\/index.php\/mes-formations\/","title":{"rendered":"Mes formations"},"content":{"rendered":"\n<hr class=\"wp-block-separator has-text-color has-alpha-channel-opacity has-background is-style-wide\" style=\"background-color:#e7b10a;color:#e7b10a\"\/>\n\n\n\n<p>Je me forme <strong>en continu<\/strong> pour garantir le <strong>bien-\u00eatre<\/strong> et la <strong>s\u00e9curit\u00e9<\/strong> des bin\u00f4mes que j\u2019accompagne.<br>Le m\u00e9tier d\u2019\u00e9ducateur ou de comportementaliste canin <strong>n\u2019est pas r\u00e9glement\u00e9 en France<\/strong>. Un d\u00e9faut de formation peut entra\u00eener des pratiques \u00e0 risque pour les chiens et leurs humains. Il est parfois difficile de v\u00e9rifier que le professionnel que vous sollicitez soit \u00e0 jour. Par <strong>transparence<\/strong>, je mets \u00e0 disposition mon cursus et reste disponible pour r\u00e9pondre \u00e0 vos questions.<\/p>\n\n\n\n<div style=\"height:35px\" aria-hidden=\"true\" class=\"wp-block-spacer\"><\/div>\n\n\n\n<h3 class=\"wp-block-heading\">Probl\u00e9matiques majoritairement trait\u00e9es<\/h3>\n\n\n\n<div style=\"height:35px\" aria-hidden=\"true\" class=\"wp-block-spacer\"><\/div>\n\n\n\n<p>J\u2019ai orient\u00e9 mes lectures et formations vers :<\/p>\n\n\n\n<ul class=\"wp-block-list\">\n<li>les <strong>chiens craintifs de l\u2019humain<\/strong>,<\/li>\n\n\n\n<li>les <strong>chiens des rues de l\u2019\u00e9tranger<\/strong>, qui peuvent rencontrer des difficult\u00e9s pour s\u2019adapter \u00e0 leur nouvelle vie en famille.<\/li>\n<\/ul>\n\n\n\n<p>Je continue de consolider ma <strong>formation initiale<\/strong> gr\u00e2ce aux <strong>derni\u00e8res publications scientifiques et \u00e9thologiques<\/strong>, et je poursuis son enrichissement \u00e0 travers mon <strong>exp\u00e9rience de terrain<\/strong> avec les chiens des rues, pass\u00e9e et \u00e0 venir.<\/p>\n\n\n\n<div style=\"height:35px\" aria-hidden=\"true\" class=\"wp-block-spacer\"><\/div>\n\n\n\n<h3 class=\"wp-block-heading\">Parcours de formation<\/h3>\n\n\n\n<div style=\"height:35px\" aria-hidden=\"true\" class=\"wp-block-spacer\"><\/div>\n\n\n\n<ul class=\"wp-block-list\">\n<li><strong>Mai 2024 \u2013 Mai 2025<\/strong> : Supervision &amp; mentorat professionnel \u2013 G\u00e9raldine Merry, Vox Canis<\/li>\n\n\n\n<li><strong>Octobre &amp; D\u00e9cembre 2023<\/strong> : Formation \u00e0 l\u2019Entretien Motivationnel \u2013 Game of Paws<\/li>\n\n\n\n<li><strong>Ao\u00fbt 2023<\/strong> : PECCRAM \u2013 Programme d\u2019\u00c9ducation \u00e0 la Connaissance du Chien et au Risque d\u2019Accident par Morsure \u2013 FIMAC CANIN<\/li>\n\n\n\n<li><strong>Janvier 2023 \u2013 Juillet 2023<\/strong> : Conseill\u00e8re en \u00e9thologie appliqu\u00e9e \u2013 HUMANIMALIS<\/li>\n\n\n\n<li><strong>Mai 2023<\/strong> : Marche en laisse, du chaos \u00e0 la connexion \u2013 Wini Verschueren, MUZO+<\/li>\n\n\n\n<li><strong>Juillet 2022<\/strong> : ACACED Chien &amp; NAC \u2013 CFPPA Le Rheu<\/li>\n\n\n\n<li><strong>Juin 2022<\/strong> : Confiance \u00e0 distance \u2013 Marjorie Miltenberg, MUZO+<\/li>\n\n\n\n<li><strong>Mars 2022<\/strong> : Soins coop\u00e9ratifs multi-esp\u00e8ces \u2013 Iris Castaing, MUZO+<\/li>\n\n\n\n<li><strong>Janvier 2022<\/strong> : Analyse &amp; modification comportementale \u2013 Lisa Longo, MUZO+<\/li>\n\n\n\n<li><strong>Septembre 2021 \u2013 Mars 2022<\/strong> : Intervenante en relation d\u2019aide assist\u00e9e par l\u2019animal \u2013 CFPGO<\/li>\n\n\n\n<li><strong>Septembre 2016 \u2013 Juillet 2017<\/strong> : Dipl\u00f4me d\u2019\u00c9tat d\u2019Aide-soignante \u2013 IFAS Quimper<\/li>\n<\/ul>\n\n\n\n<p>Et bien d\u2019autres <strong>webinaires, masterclass, stages pratiques et lectures<\/strong> sur les 8 derni\u00e8res ann\u00e9es.<\/p>\n\n\n\n<p class=\"has-text-align-center\">\u00c0 bient\u00f4t<\/p>\n","protected":false},"excerpt":{"rendered":"<p>Je me forme en continu pour garantir le bien-\u00eatre et la s\u00e9curit\u00e9 des bin\u00f4mes que j\u2019accompagne.Le m\u00e9tier d\u2019\u00e9ducateur ou de comportementaliste canin n\u2019est pas r\u00e9glement\u00e9 en France. Un d\u00e9faut de formation peut entra\u00eener des pratiques \u00e0 risque pour les chiens et leurs humains. Il est parfois difficile de v\u00e9rifier que le professionnel que vous sollicitez soit \u00e0 jour. Par transparence, je mets \u00e0 disposition mon cursus et reste disponible pour r\u00e9pondre \u00e0 vos questions. Probl\u00e9matiques majoritairement trait\u00e9es J\u2019ai orient\u00e9 mes lectures et formations vers : Je continue de consolider ma formation initiale gr\u00e2ce aux derni\u00e8res publications scientifiques et \u00e9thologiques, et je poursuis son enrichissement \u00e0 travers mon exp\u00e9rience de terrain avec les chiens des rues, pass\u00e9e et \u00e0 venir. Parcours de formation Et bien d\u2019autres webinaires, masterclass, stages pratiques et lectures sur les 8 derni\u00e8res ann\u00e9es. \u00c0 bient\u00f4t<\/p>\n","protected":false},"author":1,"featured_media":0,"parent":0,"menu_order":0,"comment_status":"closed","ping_status":"closed","template":"","meta":{"footnotes":""},"class_list":["post-77","page","type-page","status-publish","hentry"],"yoast_head":"<!-- This site is optimized with the Yoast SEO plugin v26.2 - https:\/\/yoast.com\/wordpress\/plugins\/seo\/ -->\n<title>Mes formations - \u00c9milie Durand - \u00c9ducation &amp; comportement canin<\/title>\n<meta name=\"robots\" content=\"index, follow, max-snippet:-1, max-image-preview:large, max-video-preview:-1\" \/>\n<link rel=\"canonical\" href=\"https:\/\/emiliedurand.fr\/index.php\/mes-formations\/\" \/>\n<meta property=\"og:locale\" content=\"fr_FR\" \/>\n<meta property=\"og:type\" content=\"article\" \/>\n<meta property=\"og:title\" content=\"Mes formations - \u00c9milie Durand - \u00c9ducation &amp; comportement canin\" \/>\n<meta property=\"og:description\" content=\"Je me forme en continu pour garantir le bien-\u00eatre et la s\u00e9curit\u00e9 des bin\u00f4mes que j\u2019accompagne.Le m\u00e9tier d\u2019\u00e9ducateur ou de comportementaliste canin n\u2019est pas r\u00e9glement\u00e9 en France. Un d\u00e9faut de formation peut entra\u00eener des pratiques \u00e0 risque pour les chiens et leurs humains. Il est parfois difficile de v\u00e9rifier que le professionnel que vous sollicitez soit \u00e0 jour. Par transparence, je mets \u00e0 disposition mon cursus et reste disponible pour r\u00e9pondre \u00e0 vos questions. Probl\u00e9matiques majoritairement trait\u00e9es J\u2019ai orient\u00e9 mes lectures et formations vers : Je continue de consolider ma formation initiale gr\u00e2ce aux derni\u00e8res publications scientifiques et \u00e9thologiques, et je poursuis son enrichissement \u00e0 travers mon exp\u00e9rience de terrain avec les chiens des rues, pass\u00e9e et \u00e0 venir. Parcours de formation Et bien d\u2019autres webinaires, masterclass, stages pratiques et lectures sur les 8 derni\u00e8res ann\u00e9es. \u00c0 bient\u00f4t\" \/>\n<meta property=\"og:url\" content=\"https:\/\/emiliedurand.fr\/index.php\/mes-formations\/\" \/>\n<meta property=\"og:site_name\" content=\"\u00c9milie Durand - \u00c9ducation &amp; comportement canin\" \/>\n<meta property=\"article:publisher\" content=\"https:\/\/www.facebook.com\/people\/milie-Durand-ducation-comportement-canin\/100095410578884\/\" \/>\n<meta property=\"article:modified_time\" content=\"2025-09-26T08:15:43+00:00\" \/>\n<meta name=\"twitter:card\" content=\"summary_large_image\" \/>\n<meta name=\"twitter:label1\" content=\"Dur\u00e9e de lecture estim\u00e9e\" \/>\n\t<meta name=\"twitter:data1\" content=\"2 minutes\" \/>\n<script type=\"application\/ld+json\" class=\"yoast-schema-graph\">{\"@context\":\"https:\/\/schema.org\",\"@graph\":[{\"@type\":\"WebPage\",\"@id\":\"https:\/\/emiliedurand.fr\/index.php\/mes-formations\/\",\"url\":\"https:\/\/emiliedurand.fr\/index.php\/mes-formations\/\",\"name\":\"Mes formations - \u00c9milie Durand - \u00c9ducation &amp; comportement canin\",\"isPartOf\":{\"@id\":\"https:\/\/emiliedurand.fr\/#website\"},\"datePublished\":\"2023-08-22T12:35:55+00:00\",\"dateModified\":\"2025-09-26T08:15:43+00:00\",\"breadcrumb\":{\"@id\":\"https:\/\/emiliedurand.fr\/index.php\/mes-formations\/#breadcrumb\"},\"inLanguage\":\"fr-FR\",\"potentialAction\":[{\"@type\":\"ReadAction\",\"target\":[\"https:\/\/emiliedurand.fr\/index.php\/mes-formations\/\"]}]},{\"@type\":\"BreadcrumbList\",\"@id\":\"https:\/\/emiliedurand.fr\/index.php\/mes-formations\/#breadcrumb\",\"itemListElement\":[{\"@type\":\"ListItem\",\"position\":1,\"name\":\"Accueil\",\"item\":\"https:\/\/emiliedurand.fr\/\"},{\"@type\":\"ListItem\",\"position\":2,\"name\":\"Mes formations\"}]},{\"@type\":\"WebSite\",\"@id\":\"https:\/\/emiliedurand.fr\/#website\",\"url\":\"https:\/\/emiliedurand.fr\/\",\"name\":\"\u00c9milie Durand - \u00c9ducation & comportement canin\",\"description\":\"Un accompagnement bienveillant pour l&#039;humain &amp; le chien\",\"publisher\":{\"@id\":\"https:\/\/emiliedurand.fr\/#organization\"},\"potentialAction\":[{\"@type\":\"SearchAction\",\"target\":{\"@type\":\"EntryPoint\",\"urlTemplate\":\"https:\/\/emiliedurand.fr\/?s={search_term_string}\"},\"query-input\":{\"@type\":\"PropertyValueSpecification\",\"valueRequired\":true,\"valueName\":\"search_term_string\"}}],\"inLanguage\":\"fr-FR\"},{\"@type\":\"Organization\",\"@id\":\"https:\/\/emiliedurand.fr\/#organization\",\"name\":\"\u00c9milie Durand - \u00c9ducation & comportement canin\",\"url\":\"https:\/\/emiliedurand.fr\/\",\"logo\":{\"@type\":\"ImageObject\",\"inLanguage\":\"fr-FR\",\"@id\":\"https:\/\/emiliedurand.fr\/#\/schema\/logo\/image\/\",\"url\":\"https:\/\/emiliedurand.fr\/wp-content\/uploads\/2023\/08\/cropped-facebook_OP_logo_ED_1-6.png\",\"contentUrl\":\"https:\/\/emiliedurand.fr\/wp-content\/uploads\/2023\/08\/cropped-facebook_OP_logo_ED_1-6.png\",\"width\":1146,\"height\":964,\"caption\":\"\u00c9milie Durand - \u00c9ducation & comportement canin\"},\"image\":{\"@id\":\"https:\/\/emiliedurand.fr\/#\/schema\/logo\/image\/\"},\"sameAs\":[\"https:\/\/www.facebook.com\/people\/milie-Durand-ducation-comportement-canin\/100095410578884\/\",\"https:\/\/www.instagram.com\/emilie_durnd\/\"]}]}<\/script>\n<!-- \/ Yoast SEO plugin. -->","yoast_head_json":{"title":"Mes formations - \u00c9milie Durand - \u00c9ducation &amp; comportement canin","robots":{"index":"index","follow":"follow","max-snippet":"max-snippet:-1","max-image-preview":"max-image-preview:large","max-video-preview":"max-video-preview:-1"},"canonical":"https:\/\/emiliedurand.fr\/index.php\/mes-formations\/","og_locale":"fr_FR","og_type":"article","og_title":"Mes formations - \u00c9milie Durand - \u00c9ducation &amp; comportement canin","og_description":"Je me forme en continu pour garantir le bien-\u00eatre et la s\u00e9curit\u00e9 des bin\u00f4mes que j\u2019accompagne.Le m\u00e9tier d\u2019\u00e9ducateur ou de comportementaliste canin n\u2019est pas r\u00e9glement\u00e9 en France. Un d\u00e9faut de formation peut entra\u00eener des pratiques \u00e0 risque pour les chiens et leurs humains. Il est parfois difficile de v\u00e9rifier que le professionnel que vous sollicitez soit \u00e0 jour. Par transparence, je mets \u00e0 disposition mon cursus et reste disponible pour r\u00e9pondre \u00e0 vos questions. Probl\u00e9matiques majoritairement trait\u00e9es J\u2019ai orient\u00e9 mes lectures et formations vers : Je continue de consolider ma formation initiale gr\u00e2ce aux derni\u00e8res publications scientifiques et \u00e9thologiques, et je poursuis son enrichissement \u00e0 travers mon exp\u00e9rience de terrain avec les chiens des rues, pass\u00e9e et \u00e0 venir. Parcours de formation Et bien d\u2019autres webinaires, masterclass, stages pratiques et lectures sur les 8 derni\u00e8res ann\u00e9es. \u00c0 bient\u00f4t","og_url":"https:\/\/emiliedurand.fr\/index.php\/mes-formations\/","og_site_name":"\u00c9milie Durand - \u00c9ducation &amp; comportement canin","article_publisher":"https:\/\/www.facebook.com\/people\/milie-Durand-ducation-comportement-canin\/100095410578884\/","article_modified_time":"2025-09-26T08:15:43+00:00","twitter_card":"summary_large_image","twitter_misc":{"Dur\u00e9e de lecture estim\u00e9e":"2 minutes"},"schema":{"@context":"https:\/\/schema.org","@graph":[{"@type":"WebPage","@id":"https:\/\/emiliedurand.fr\/index.php\/mes-formations\/","url":"https:\/\/emiliedurand.fr\/index.php\/mes-formations\/","name":"Mes formations - \u00c9milie Durand - \u00c9ducation &amp; comportement canin","isPartOf":{"@id":"https:\/\/emiliedurand.fr\/#website"},"datePublished":"2023-08-22T12:35:55+00:00","dateModified":"2025-09-26T08:15:43+00:00","breadcrumb":{"@id":"https:\/\/emiliedurand.fr\/index.php\/mes-formations\/#breadcrumb"},"inLanguage":"fr-FR","potentialAction":[{"@type":"ReadAction","target":["https:\/\/emiliedurand.fr\/index.php\/mes-formations\/"]}]},{"@type":"BreadcrumbList","@id":"https:\/\/emiliedurand.fr\/index.php\/mes-formations\/#breadcrumb","itemListElement":[{"@type":"ListItem","position":1,"name":"Accueil","item":"https:\/\/emiliedurand.fr\/"},{"@type":"ListItem","position":2,"name":"Mes formations"}]},{"@type":"WebSite","@id":"https:\/\/emiliedurand.fr\/#website","url":"https:\/\/emiliedurand.fr\/","name":"\u00c9milie Durand - \u00c9ducation & comportement canin","description":"Un accompagnement bienveillant pour l&#039;humain &amp; le chien","publisher":{"@id":"https:\/\/emiliedurand.fr\/#organization"},"potentialAction":[{"@type":"SearchAction","target":{"@type":"EntryPoint","urlTemplate":"https:\/\/emiliedurand.fr\/?s={search_term_string}"},"query-input":{"@type":"PropertyValueSpecification","valueRequired":true,"valueName":"search_term_string"}}],"inLanguage":"fr-FR"},{"@type":"Organization","@id":"https:\/\/emiliedurand.fr\/#organization","name":"\u00c9milie Durand - \u00c9ducation & comportement canin","url":"https:\/\/emiliedurand.fr\/","logo":{"@type":"ImageObject","inLanguage":"fr-FR","@id":"https:\/\/emiliedurand.fr\/#\/schema\/logo\/image\/","url":"https:\/\/emiliedurand.fr\/wp-content\/uploads\/2023\/08\/cropped-facebook_OP_logo_ED_1-6.png","contentUrl":"https:\/\/emiliedurand.fr\/wp-content\/uploads\/2023\/08\/cropped-facebook_OP_logo_ED_1-6.png","width":1146,"height":964,"caption":"\u00c9milie Durand - \u00c9ducation & comportement canin"},"image":{"@id":"https:\/\/emiliedurand.fr\/#\/schema\/logo\/image\/"},"sameAs":["https:\/\/www.facebook.com\/people\/milie-Durand-ducation-comportement-canin\/100095410578884\/","https:\/\/www.instagram.com\/emilie_durnd\/"]}]}},"_links":{"self":[{"href":"https:\/\/emiliedurand.fr\/index.php\/wp-json\/wp\/v2\/pages\/77","targetHints":{"allow":["GET"]}}],"collection":[{"href":"https:\/\/emiliedurand.fr\/index.php\/wp-json\/wp\/v2\/pages"}],"about":[{"href":"https:\/\/emiliedurand.fr\/index.php\/wp-json\/wp\/v2\/types\/page"}],"author":[{"embeddable":true,"href":"https:\/\/emiliedurand.fr\/index.php\/wp-json\/wp\/v2\/users\/1"}],"replies":[{"embeddable":true,"href":"https:\/\/emiliedurand.fr\/index.php\/wp-json\/wp\/v2\/comments?post=77"}],"version-history":[{"count":20,"href":"https:\/\/emiliedurand.fr\/index.php\/wp-json\/wp\/v2\/pages\/77\/revisions"}],"predecessor-version":[{"id":2014,"href":"https:\/\/emiliedurand.fr\/index.php\/wp-json\/wp\/v2\/pages\/77\/revisions\/2014"}],"wp:attachment":[{"href":"https:\/\/emiliedurand.fr\/index.php\/wp-json\/wp\/v2\/media?parent=77"}],"curies":[{"name":"wp","href":"https:\/\/api.w.org\/{rel}","templated":true}]}}